{"id":46,"date":"2025-04-29T05:47:41","date_gmt":"2025-04-29T05:47:41","guid":{"rendered":"https:\/\/ucef.fi\/?page_id=46"},"modified":"2025-05-19T10:52:44","modified_gmt":"2025-05-19T10:52:44","slug":"etusivu","status":"publish","type":"page","link":"https:\/\/ucef.fi\/","title":{"rendered":"Etusivu"},"content":{"rendered":"<p>[et_pb_section fb_built=&#8221;1&#8243; fullwidth=&#8221;on&#8221; _builder_version=&#8221;4.27.4&#8243; _module_preset=&#8221;default&#8221; hover_enabled=&#8221;0&#8243; global_colors_info=&#8221;{}&#8221; sticky_enabled=&#8221;0&#8243;][et_pb_fullwidth_slider _builder_version=&#8221;4.27.4&#8243; _module_preset=&#8221;default&#8221; background_image=&#8221;https:\/\/ucef.fi\/wp-content\/uploads\/2025\/05\/team-5842784_1280.jpg&#8221; custom_padding=&#8221;||197px|||&#8221; hover_enabled=&#8221;0&#8243; global_colors_info=&#8221;{}&#8221; sticky_enabled=&#8221;0&#8243;][et_pb_slide _builder_version=&#8221;4.27.4&#8243; _module_preset=&#8221;default&#8221; background_image=&#8221;https:\/\/ucef.fi\/wp-content\/uploads\/2025\/05\/team-5842784_1280.jpg&#8221; background_enable_image=&#8221;on&#8221; global_colors_info=&#8221;{}&#8221; sticky_transition=&#8221;on&#8221;][\/et_pb_slide][\/et_pb_fullwidth_slider][\/et_pb_section][et_pb_section fb_built=&#8221;1&#8243; _builder_version=&#8221;4.27.4&#8243; _module_preset=&#8221;default&#8221; background_color=&#8221;RGBA(255,255,255,0)&#8221; custom_margin=&#8221;0px|0px|0px|0px|false|false&#8221; custom_padding=&#8221;0px|0px|0px|0px|false|false&#8221; global_colors_info=&#8221;{}&#8221;][et_pb_row column_structure=&#8221;3_4,1_4&#8243; _builder_version=&#8221;4.27.4&#8243; _module_preset=&#8221;default&#8221; width=&#8221;100%&#8221; max_width=&#8221;100%&#8221; custom_margin=&#8221;-147px|auto||auto||&#8221; custom_padding=&#8221;34px|||||&#8221; global_colors_info=&#8221;{}&#8221;][et_pb_column type=&#8221;3_4&#8243; _builder_version=&#8221;4.27.4&#8243; _module_preset=&#8221;default&#8221; background_color=&#8221;#222E4A&#8221; global_colors_info=&#8221;{}&#8221;][et_pb_image src=&#8221;https:\/\/ucef.fi\/wp-content\/uploads\/2025\/04\/lintu_keltainen.png&#8221; title_text=&#8221;lintu_keltainen&#8221; _builder_version=&#8221;4.27.4&#8243; _module_preset=&#8221;default&#8221; z_index=&#8221;500&#8243; width=&#8221;92px&#8221; custom_margin=&#8221;-55px||7px|41px|false|false&#8221; custom_padding=&#8221;|||0px|false|false&#8221; global_colors_info=&#8221;{}&#8221;][\/et_pb_image][et_pb_text _builder_version=&#8221;4.27.4&#8243; _module_preset=&#8221;default&#8221; header_font_size=&#8221;36px&#8221; header_line_height=&#8221;1.1em&#8221; header_2_text_color=&#8221;#FFFFFF&#8221; header_2_font_size=&#8221;28px&#8221; header_2_line_height=&#8221;1.5em&#8221; background_layout=&#8221;dark&#8221; custom_margin=&#8221;-39px|25px|25px|25px|false|false&#8221; custom_padding=&#8221;36px|25px|25px|25px|false|false&#8221; global_colors_info=&#8221;{}&#8221;]<\/p>\n<h2>Yliopistojen aikuiskoulutusverkosto UCEF on yliopistojen t\u00e4ydennys- ja aikuiskoulutustoimijoiden kansallinen yhteisty\u00f6verkosto, jonka teht\u00e4v\u00e4n\u00e4 on kehitt\u00e4\u00e4 yliopistollista aikuiskoulutusta.<\/h2>\n<p>[\/et_pb_text][\/et_pb_column][et_pb_column type=&#8221;1_4&#8243; _builder_version=&#8221;4.27.4&#8243; _module_preset=&#8221;default&#8221; global_colors_info=&#8221;{}&#8221;][\/et_pb_column][\/et_pb_row][\/et_pb_section][et_pb_section fb_built=&#8221;1&#8243; _builder_version=&#8221;4.27.4&#8243; _module_preset=&#8221;default&#8221; background_image=&#8221;https:\/\/ucef.fi\/wp-content\/uploads\/2025\/04\/lintu_taustakuva.png&#8221; background_size=&#8221;custom&#8221; background_image_width=&#8221;600px&#8221; background_position=&#8221;bottom_right&#8221; global_colors_info=&#8221;{}&#8221;][et_pb_row column_structure=&#8221;1_2,1_2&#8243; _builder_version=&#8221;4.27.4&#8243; _module_preset=&#8221;default&#8221; custom_padding=&#8221;||0px|||&#8221; global_colors_info=&#8221;{}&#8221;][et_pb_column type=&#8221;1_2&#8243; _builder_version=&#8221;4.27.4&#8243; _module_preset=&#8221;default&#8221; global_colors_info=&#8221;{}&#8221;][et_pb_blog posts_number=&#8221;1&#8243; include_categories=&#8221;4&#8243; show_author=&#8221;off&#8221; show_date=&#8221;off&#8221; show_categories=&#8221;off&#8221; show_excerpt=&#8221;off&#8221; show_pagination=&#8221;off&#8221; _builder_version=&#8221;4.27.4&#8243; _module_preset=&#8221;default&#8221; custom_css_title=&#8221;display:none;&#8221; global_colors_info=&#8221;{}&#8221;][\/et_pb_blog][\/et_pb_column][et_pb_column type=&#8221;1_2&#8243; _builder_version=&#8221;4.27.4&#8243; _module_preset=&#8221;default&#8221; global_colors_info=&#8221;{}&#8221;][et_pb_blog posts_number=&#8221;1&#8243; include_categories=&#8221;4&#8243; show_thumbnail=&#8221;off&#8221; show_more=&#8221;on&#8221; show_author=&#8221;off&#8221; show_categories=&#8221;off&#8221; show_pagination=&#8221;off&#8221; _builder_version=&#8221;4.27.4&#8243; _module_preset=&#8221;default&#8221; header_font=&#8221;|800|||||||&#8221; header_text_color=&#8221;#054D89&#8243; header_font_size=&#8221;35px&#8221; body_text_color=&#8221;#000000&#8243; read_more_font=&#8221;|700|||||||&#8221; read_more_text_color=&#8221;#222E4A&#8221; global_colors_info=&#8221;{}&#8221;][\/et_pb_blog][\/et_pb_column][\/et_pb_row][et_pb_row _builder_version=&#8221;4.27.4&#8243; _module_preset=&#8221;default&#8221; global_colors_info=&#8221;{}&#8221;][et_pb_column type=&#8221;4_4&#8243; _builder_version=&#8221;4.27.4&#8243; _module_preset=&#8221;default&#8221; global_colors_info=&#8221;{}&#8221;][et_pb_blog fullwidth=&#8221;off&#8221; posts_number=&#8221;3&#8243; include_categories=&#8221;4&#8243; show_thumbnail=&#8221;off&#8221; show_more=&#8221;on&#8221; show_author=&#8221;off&#8221; show_categories=&#8221;off&#8221; show_pagination=&#8221;off&#8221; offset_number=&#8221;1&#8243; _builder_version=&#8221;4.27.4&#8243; _module_preset=&#8221;default&#8221; header_font=&#8221;|800|||||||&#8221; header_text_color=&#8221;#054D89&#8243; header_font_size=&#8221;24px&#8221; body_text_color=&#8221;#000000&#8243; read_more_font=&#8221;|&#8211;et_global_heading_font_weight|||||||&#8221; read_more_text_color=&#8221;#054D89&#8243; background_color=&#8221;RGBA(255,255,255,0)&#8221; border_width_all=&#8221;0px&#8221; global_colors_info=&#8221;{}&#8221;][\/et_pb_blog][\/et_pb_column][\/et_pb_row][\/et_pb_section][et_pb_section fb_built=&#8221;1&#8243; disabled_on=&#8221;off|off|off&#8221; _builder_version=&#8221;4.27.4&#8243; _module_preset=&#8221;default&#8221; background_color=&#8221;#00A4AF&#8221; global_colors_info=&#8221;{}&#8221;][et_pb_row _builder_version=&#8221;4.27.4&#8243; _module_preset=&#8221;default&#8221; global_colors_info=&#8221;{}&#8221;][et_pb_column type=&#8221;4_4&#8243; _builder_version=&#8221;4.27.4&#8243; _module_preset=&#8221;default&#8221; global_colors_info=&#8221;{}&#8221;][et_pb_blog posts_number=&#8221;1&#8243; include_categories=&#8221;5&#8243; show_thumbnail=&#8221;off&#8221; show_more=&#8221;on&#8221; show_author=&#8221;off&#8221; show_date=&#8221;off&#8221; show_categories=&#8221;off&#8221; show_pagination=&#8221;off&#8221; _builder_version=&#8221;4.27.4&#8243; _module_preset=&#8221;default&#8221; text_orientation=&#8221;center&#8221; background_layout=&#8221;dark&#8221; global_colors_info=&#8221;{}&#8221;][\/et_pb_blog][\/et_pb_column][\/et_pb_row][\/et_pb_section]<\/p>\n","protected":false},"excerpt":{"rendered":"<p>Yliopistojen aikuiskoulutusverkosto UCEF on yliopistojen t\u00e4ydennys- ja aikuiskoulutustoimijoiden kansallinen yhteisty\u00f6verkosto, jonka teht\u00e4v\u00e4n\u00e4 on kehitt\u00e4\u00e4 yliopistollista aikuiskoulutusta.<\/p>\n","protected":false},"author":1,"featured_media":275,"parent":0,"menu_order":0,"comment_status":"closed","ping_status":"closed","template":"","meta":{"_et_pb_use_builder":"on","_et_pb_old_content":"","_et_gb_content_width":"","footnotes":""},"class_list":["post-46","page","type-page","status-publish","has-post-thumbnail","hentry"],"yoast_head":"<!-- This site is optimized with the Yoast SEO plugin v26.2 - https:\/\/yoast.com\/wordpress\/plugins\/seo\/ -->\n<title>Etusivu - UCEF<\/title>\n<meta name=\"robots\" content=\"index, follow, max-snippet:-1, max-image-preview:large, max-video-preview:-1\" \/>\n<link rel=\"canonical\" href=\"https:\/\/ucef.fi\/\" \/>\n<meta property=\"og:locale\" content=\"fi_FI\" \/>\n<meta property=\"og:type\" content=\"article\" \/>\n<meta property=\"og:title\" content=\"Etusivu - UCEF\" \/>\n<meta property=\"og:description\" content=\"Yliopistojen aikuiskoulutusverkosto UCEF on yliopistojen t\u00e4ydennys- ja aikuiskoulutustoimijoiden kansallinen yhteisty\u00f6verkosto, jonka teht\u00e4v\u00e4n\u00e4 on kehitt\u00e4\u00e4 yliopistollista aikuiskoulutusta.\" \/>\n<meta property=\"og:url\" content=\"https:\/\/ucef.fi\/\" \/>\n<meta property=\"og:site_name\" content=\"UCEF\" \/>\n<meta property=\"article:modified_time\" content=\"2025-05-19T10:52:44+00:00\" \/>\n<meta property=\"og:image\" content=\"https:\/\/ucef.fi\/wp-content\/uploads\/2025\/05\/team-5842784_1280.jpg\" \/>\n\t<meta property=\"og:image:width\" content=\"1280\" \/>\n\t<meta property=\"og:image:height\" content=\"853\" \/>\n\t<meta property=\"og:image:type\" content=\"image\/jpeg\" \/>\n<meta name=\"twitter:card\" content=\"summary_large_image\" \/>\n<meta name=\"twitter:label1\" content=\"Arvioitu lukuaika\" \/>\n\t<meta name=\"twitter:data1\" content=\"3 minuuttia\" \/>\n<script type=\"application\/ld+json\" class=\"yoast-schema-graph\">{\"@context\":\"https:\/\/schema.org\",\"@graph\":[{\"@type\":\"WebPage\",\"@id\":\"https:\/\/ucef.fi\/\",\"url\":\"https:\/\/ucef.fi\/\",\"name\":\"Etusivu - UCEF\",\"isPartOf\":{\"@id\":\"https:\/\/ucef.fi\/#website\"},\"primaryImageOfPage\":{\"@id\":\"https:\/\/ucef.fi\/#primaryimage\"},\"image\":{\"@id\":\"https:\/\/ucef.fi\/#primaryimage\"},\"thumbnailUrl\":\"https:\/\/ucef.fi\/wp-content\/uploads\/2025\/05\/team-5842784_1280.jpg\",\"datePublished\":\"2025-04-29T05:47:41+00:00\",\"dateModified\":\"2025-05-19T10:52:44+00:00\",\"breadcrumb\":{\"@id\":\"https:\/\/ucef.fi\/#breadcrumb\"},\"inLanguage\":\"fi\",\"potentialAction\":[{\"@type\":\"ReadAction\",\"target\":[\"https:\/\/ucef.fi\/\"]}]},{\"@type\":\"ImageObject\",\"inLanguage\":\"fi\",\"@id\":\"https:\/\/ucef.fi\/#primaryimage\",\"url\":\"https:\/\/ucef.fi\/wp-content\/uploads\/2025\/05\/team-5842784_1280.jpg\",\"contentUrl\":\"https:\/\/ucef.fi\/wp-content\/uploads\/2025\/05\/team-5842784_1280.jpg\",\"width\":1280,\"height\":853},{\"@type\":\"BreadcrumbList\",\"@id\":\"https:\/\/ucef.fi\/#breadcrumb\",\"itemListElement\":[{\"@type\":\"ListItem\",\"position\":1,\"name\":\"Etusivu\",\"item\":\"https:\/\/ucef.fi\/index.php\/etusivu\/\"},{\"@type\":\"ListItem\",\"position\":2,\"name\":\"Etusivu\"}]},{\"@type\":\"WebSite\",\"@id\":\"https:\/\/ucef.fi\/#website\",\"url\":\"https:\/\/ucef.fi\/\",\"name\":\"UCEF\",\"description\":\"Yliopistojen t\u00e4ydennyskoulutustoimijoiden yhteisty\u00f6verkosto\",\"potentialAction\":[{\"@type\":\"SearchAction\",\"target\":{\"@type\":\"EntryPoint\",\"urlTemplate\":\"https:\/\/ucef.fi\/?s={search_term_string}\"},\"query-input\":{\"@type\":\"PropertyValueSpecification\",\"valueRequired\":true,\"valueName\":\"search_term_string\"}}],\"inLanguage\":\"fi\"}]}<\/script>\n<!-- \/ Yoast SEO plugin. -->","yoast_head_json":{"title":"Etusivu - UCEF","robots":{"index":"index","follow":"follow","max-snippet":"max-snippet:-1","max-image-preview":"max-image-preview:large","max-video-preview":"max-video-preview:-1"},"canonical":"https:\/\/ucef.fi\/","og_locale":"fi_FI","og_type":"article","og_title":"Etusivu - UCEF","og_description":"Yliopistojen aikuiskoulutusverkosto UCEF on yliopistojen t\u00e4ydennys- ja aikuiskoulutustoimijoiden kansallinen yhteisty\u00f6verkosto, jonka teht\u00e4v\u00e4n\u00e4 on kehitt\u00e4\u00e4 yliopistollista aikuiskoulutusta.","og_url":"https:\/\/ucef.fi\/","og_site_name":"UCEF","article_modified_time":"2025-05-19T10:52:44+00:00","og_image":[{"width":1280,"height":853,"url":"https:\/\/ucef.fi\/wp-content\/uploads\/2025\/05\/team-5842784_1280.jpg","type":"image\/jpeg"}],"twitter_card":"summary_large_image","twitter_misc":{"Arvioitu lukuaika":"3 minuuttia"},"schema":{"@context":"https:\/\/schema.org","@graph":[{"@type":"WebPage","@id":"https:\/\/ucef.fi\/","url":"https:\/\/ucef.fi\/","name":"Etusivu - UCEF","isPartOf":{"@id":"https:\/\/ucef.fi\/#website"},"primaryImageOfPage":{"@id":"https:\/\/ucef.fi\/#primaryimage"},"image":{"@id":"https:\/\/ucef.fi\/#primaryimage"},"thumbnailUrl":"https:\/\/ucef.fi\/wp-content\/uploads\/2025\/05\/team-5842784_1280.jpg","datePublished":"2025-04-29T05:47:41+00:00","dateModified":"2025-05-19T10:52:44+00:00","breadcrumb":{"@id":"https:\/\/ucef.fi\/#breadcrumb"},"inLanguage":"fi","potentialAction":[{"@type":"ReadAction","target":["https:\/\/ucef.fi\/"]}]},{"@type":"ImageObject","inLanguage":"fi","@id":"https:\/\/ucef.fi\/#primaryimage","url":"https:\/\/ucef.fi\/wp-content\/uploads\/2025\/05\/team-5842784_1280.jpg","contentUrl":"https:\/\/ucef.fi\/wp-content\/uploads\/2025\/05\/team-5842784_1280.jpg","width":1280,"height":853},{"@type":"BreadcrumbList","@id":"https:\/\/ucef.fi\/#breadcrumb","itemListElement":[{"@type":"ListItem","position":1,"name":"Etusivu","item":"https:\/\/ucef.fi\/index.php\/etusivu\/"},{"@type":"ListItem","position":2,"name":"Etusivu"}]},{"@type":"WebSite","@id":"https:\/\/ucef.fi\/#website","url":"https:\/\/ucef.fi\/","name":"UCEF","description":"Yliopistojen t\u00e4ydennyskoulutustoimijoiden yhteisty\u00f6verkosto","potentialAction":[{"@type":"SearchAction","target":{"@type":"EntryPoint","urlTemplate":"https:\/\/ucef.fi\/?s={search_term_string}"},"query-input":{"@type":"PropertyValueSpecification","valueRequired":true,"valueName":"search_term_string"}}],"inLanguage":"fi"}]}},"_links":{"self":[{"href":"https:\/\/ucef.fi\/index.php\/wp-json\/wp\/v2\/pages\/46","targetHints":{"allow":["GET"]}}],"collection":[{"href":"https:\/\/ucef.fi\/index.php\/wp-json\/wp\/v2\/pages"}],"about":[{"href":"https:\/\/ucef.fi\/index.php\/wp-json\/wp\/v2\/types\/page"}],"author":[{"embeddable":true,"href":"https:\/\/ucef.fi\/index.php\/wp-json\/wp\/v2\/users\/1"}],"replies":[{"embeddable":true,"href":"https:\/\/ucef.fi\/index.php\/wp-json\/wp\/v2\/comments?post=46"}],"version-history":[{"count":27,"href":"https:\/\/ucef.fi\/index.php\/wp-json\/wp\/v2\/pages\/46\/revisions"}],"predecessor-version":[{"id":301,"href":"https:\/\/ucef.fi\/index.php\/wp-json\/wp\/v2\/pages\/46\/revisions\/301"}],"wp:featuredmedia":[{"embeddable":true,"href":"https:\/\/ucef.fi\/index.php\/wp-json\/wp\/v2\/media\/275"}],"wp:attachment":[{"href":"https:\/\/ucef.fi\/index.php\/wp-json\/wp\/v2\/media?parent=46"}],"curies":[{"name":"wp","href":"https:\/\/api.w.org\/{rel}","templated":true}]}}